{"id":167,"date":"2017-01-26T14:56:29","date_gmt":"2017-01-26T14:56:29","guid":{"rendered":"http:\/\/emsirvaenliquidacion.com.co\/web\/?page_id=167"},"modified":"2026-03-02T09:15:17","modified_gmt":"2026-03-02T14:15:17","slug":"costos-de-referencia","status":"publish","type":"page","link":"https:\/\/emsirvaenliquidacion.com.co\/web\/costos-de-referencia\/","title":{"rendered":"Tarifas y Costos de Referencia"},"content":{"rendered":"\n<p>A\u00d1O 2026<\/p>\n\n\n\n<p><a href=\"https:\/\/emsirvaenliquidacion.com.co\/web\/wp-content\/uploads\/2026\/03\/Tarifas-Servicio-Publico-de-Aseo-Zona-Urbana-Febrero-2026.pdf\" target=\"_blank\" rel=\"noreferrer noopener\">Tarifas Servicio P\u00fablico de Aseo Zona Urbana Febrero 2026<\/a><\/p>\n\n\n\n<p><a href=\"https:\/\/emsirvaenliquidacion.com.co\/web\/wp-content\/uploads\/2026\/03\/Tarifas-Servicio-Publico-de-Aseo-Zona-Rural-Febrero-2026.pdf\" target=\"_blank\" rel=\"noreferrer noopener\">Tarifas Servicio P\u00fablico de Aseo Zona Rural  Febrero 2026<\/a><\/p>\n\n\n\n\n<p><a href=\"https:\/\/emsirvaenliquidacion.com.co\/web\/wp-content\/uploads\/2026\/01\/Costos-tarifas-2026-01-Urbano.pdf\" target=\"_blank\" rel=\"noreferrer noopener\">Tarifas Servicio P\u00fablico de Aseo Zona Urbana Enero 2026<\/a><\/p>\n\n\n\n<p><a href=\"https:\/\/emsirvaenliquidacion.com.co\/web\/wp-content\/uploads\/2026\/01\/Costos-tarifas-2026-01-Rural.pdf\" target=\"_blank\" rel=\"noreferrer noopener\">Tarifas Servicio P\u00fablico de Aseo Zona Rural Enero 2026<\/a><\/p>\n\n\n\n<p>A\u00d1O 2025<\/p>\n\n\n\n<p><a href=\"https:\/\/emsirvaenliquidacion.com.co\/web\/wp-content\/uploads\/2025\/12\/Tarifa-Zona-Rural-2025-12.pdf\" target=\"_blank\" rel=\"noreferrer noopener\">Tarifas Servicio P\u00fablico de Aseo Zona Rural Diciembre 2025<\/a><\/p>\n\n\n\n<p><a href=\"https:\/\/emsirvaenliquidacion.com.co\/web\/wp-content\/uploads\/2025\/12\/Tarifa-Zona-Urbana-2025-12.pdf\" target=\"_blank\" rel=\"noreferrer noopener\">Tarifas Servicio P\u00fablico de Aseo Zona Urbana Diciembre 2025<\/a><\/p>\n\n\n\n<p><a href=\"https:\/\/emsirvaenliquidacion.com.co\/web\/wp-content\/uploads\/2025\/12\/Tarifa-Zona-Rural-2025-11.pdf\" target=\"_blank\" rel=\"noreferrer noopener\">Tarifas Servicio P\u00fablico de Aseo Zona Rural Noviembre 2025<\/a><\/p>\n\n\n\n<p><a href=\"https:\/\/emsirvaenliquidacion.com.co\/web\/wp-content\/uploads\/2025\/12\/Tarifa-Zona-Urbana-2025-11.pdf\" target=\"_blank\" rel=\"noreferrer noopener\">Tarifas Servicio P\u00fablico de Aseo Zona Urbana Noviembre 2025<\/a><\/p>\n\n\n\n<p><a href=\"https:\/\/emsirvaenliquidacion.com.co\/web\/wp-content\/uploads\/2025\/10\/Tarifa-Zona-Rual-2025-10.pdf\" target=\"_blank\" rel=\"noreferrer noopener\">Tarifas Servicio P\u00fablico de Aseo Zona Rural Octubre 2025<\/a><\/p>\n\n\n\n<p><a href=\"https:\/\/emsirvaenliquidacion.com.co\/web\/wp-content\/uploads\/2025\/10\/Tarifa-Zona-Urbana-2025-10.pdf\" target=\"_blank\" rel=\"noreferrer noopener\">Tarifas Servicio P\u00fablico de Aseo Zona Urbana Octubre 2025<\/a><\/p>\n\n\n\n<p><a href=\"https:\/\/emsirvaenliquidacion.com.co\/web\/wp-content\/uploads\/2025\/09\/Tarifa-Zona-Rural-2025-09.pdf\" target=\"_blank\" rel=\"noreferrer noopener\">Tarifas Servicio P\u00fablico de Aseo Zona Rural Septiembre 2025<\/a><\/p>\n\n\n\n<p><a href=\"https:\/\/emsirvaenliquidacion.com.co\/web\/wp-content\/uploads\/2025\/09\/Tarifa-Zona-Urbana-2025-09.pdf\" target=\"_blank\" rel=\"noreferrer noopener\">Tarifas Servicio P\u00fablico de Aseo Zona Urbana Septiembre 2025<\/a><\/p>\n\n\n\n<p><a href=\"https:\/\/emsirvaenliquidacion.com.co\/web\/wp-content\/uploads\/2025\/08\/Tarifa-Zona-Rural-2025-08.pdf\" target=\"_blank\" rel=\"noreferrer noopener\">Tarifas Servicio P\u00fablico de Aseo Zona Rural Agosto 2025<\/a><\/p>\n\n\n\n<p><a href=\"https:\/\/emsirvaenliquidacion.com.co\/web\/wp-content\/uploads\/2025\/08\/Tarifa-Zona-Urbana-2025-08.pdf\" target=\"_blank\" rel=\"noreferrer noopener\">Tarifas Servicio P\u00fablico de Aseo Zona Urbana Agosto 2025<\/a><\/p>\n\n\n\n<p><a href=\"https:\/\/emsirvaenliquidacion.com.co\/web\/wp-content\/uploads\/2025\/07\/Public-Costos-Tarifas-aseo-JUL-2025-URBANA.pdf\" target=\"_blank\" rel=\"noreferrer noopener\">Costo de Referencia || Semestre Zona Urbana 2025<\/a><\/p>\n\n\n\n<p><a href=\"https:\/\/emsirvaenliquidacion.com.co\/web\/wp-content\/uploads\/2025\/07\/Public-Costos-Tarifas-aseo-JUL-2025-RURAL.pdf\" target=\"_blank\" rel=\"noreferrer noopener\">Costo de Referencia || Semestre Zona Rural 2025<\/a><\/p>\n\n\n\n\n\n\n<p><a href=\"https:\/\/emsirvaenliquidacion.com.co\/web\/wp-content\/uploads\/2025\/07\/Tarifas-Servicio-Publico-Aseo-Zona-Rural-JUL2025.pdf\" target=\"_blank\" rel=\"noreferrer noopener\">Tarifas Servicio P\u00fablico de Aseo Zona Rural Julio 2025<\/a><\/p>\n\n\n\n<p><a href=\"https:\/\/emsirvaenliquidacion.com.co\/web\/wp-content\/uploads\/2025\/07\/Tarifas-Servicio-Publico-Aseo-Zona-Urbana-JUL2025.pdf\" target=\"_blank\" rel=\"noreferrer noopener\">Tarifas Servicio P\u00fablico de Aseo Zona Urbana Julio 2025<\/a><\/p>\n\n\n\n<p><a href=\"https:\/\/emsirvaenliquidacion.com.co\/web\/wp-content\/uploads\/2025\/07\/Tarifas-Rural-JUN2025.pdf\" target=\"_blank\" rel=\"noreferrer noopener\">Tarifas Servicio P\u00fablico de Aseo Zona Rural Junio 2025<\/a><\/p>\n\n\n\n<p><a href=\"https:\/\/emsirvaenliquidacion.com.co\/web\/wp-content\/uploads\/2025\/07\/Tarifas-Urbana-JUN2025.pdf\" target=\"_blank\" rel=\"noreferrer noopener\">Tarifas Servicio P\u00fablico de Aseo Zona Urbana Junio 2025<\/a><\/p>\n\n\n\n<p><a href=\"https:\/\/emsirvaenliquidacion.com.co\/web\/wp-content\/uploads\/2025\/05\/Tarifas_Urbana_MAY2025.pdf\" target=\"_blank\" rel=\"noreferrer noopener\">Tarifas Servicio P\u00fablico de Aseo Zona Urbana Mayo 2025<\/a><\/p>\n\n\n\n<p><a href=\"https:\/\/emsirvaenliquidacion.com.co\/web\/wp-content\/uploads\/2025\/05\/Tarifas_Rural_MAY2025.pdf\" target=\"_blank\" rel=\"noreferrer noopener\">Tarifas Servicio P\u00fablico de Aseo Zona Rural Mayo 2025<\/a><\/p>\n\n\n\n<p><a href=\"https:\/\/emsirvaenliquidacion.com.co\/web\/wp-content\/uploads\/2025\/04\/TARIFA-ABR2025-URBANA.pdf\" target=\"_blank\" rel=\"noreferrer noopener\">Tarifas Servicio P\u00fablico de Aseo Zona Urbana Abril 2025<\/a><\/p>\n\n\n\n<p><a href=\"https:\/\/emsirvaenliquidacion.com.co\/web\/wp-content\/uploads\/2025\/04\/TARIFA-ABR2025-RURAL.pdf\" target=\"_blank\" rel=\"noreferrer noopener\">Tarifas Servicio P\u00fablico de Aseo Zona Rural Abril 2025<\/a><\/p>\n\n\n\n<p><a href=\"https:\/\/emsirvaenliquidacion.com.co\/web\/wp-content\/uploads\/2025\/03\/TARIFA_MAR2025_URBANA.pdf\" target=\"_blank\" rel=\"noreferrer noopener\">Tarifas Servicio P\u00fablico de Aseo Zona Urbana Marzo 2025<\/a><\/p>\n\n\n\n<p><a href=\"https:\/\/emsirvaenliquidacion.com.co\/web\/wp-content\/uploads\/2025\/03\/TARIFA_MAR2025_RURAL.pdf\" target=\"_blank\" rel=\"noreferrer noopener\">Tarifas Servicio P\u00fablico de Aseo Zona Rural Marzo 2025<\/a><\/p>\n\n\n\n<p><a href=\"https:\/\/emsirvaenliquidacion.com.co\/web\/wp-content\/uploads\/2025\/02\/Tarifas-servicio-publico-de-aseo-febrero-2025-Urbanas.pdf\" target=\"_blank\" rel=\"noreferrer noopener\">Tarifas Servicio P\u00fablico de Aseo Zona Urbana Febrero 2025<\/a><\/p>\n\n\n\n<p><a href=\"https:\/\/emsirvaenliquidacion.com.co\/web\/wp-content\/uploads\/2025\/02\/Tarifas-servicio-publico-de-aseo-febrero-2025-Rural.pdf\" target=\"_blank\" rel=\"noreferrer noopener\">Tarifas Servicio P\u00fablico de Aseo Zona Rural Febrero 2025<\/a><\/p>\n\n\n\n<p><a href=\"https:\/\/emsirvaenliquidacion.com.co\/web\/wp-content\/uploads\/2025\/01\/Tarifas-servicio-publico-de-aseo-enero-2025-Urbanas.pdf\" target=\"_blank\" rel=\"noreferrer noopener\">Tarifas Servicio P\u00fablico de Aseo Zona Urbana Enero 2025<\/a><\/p>\n\n\n\n<p><a href=\"https:\/\/emsirvaenliquidacion.com.co\/web\/wp-content\/uploads\/2025\/01\/Tarifas-servicio-publico-de-aseo-enero-2025-Rural.pdf\" target=\"_blank\" rel=\"noreferrer noopener\">Tarifas Servicio P\u00fablico de Aseo Zona Rural Enero 2025<\/a><\/p>\n\n\n\n<p><a href=\"https:\/\/emsirvaenliquidacion.com.co\/web\/wp-content\/uploads\/2025\/02\/Costos-SEM_I-2025-URBANO.pdf\" target=\"_blank\" rel=\"noreferrer noopener\">Costo de Referencia | Semestre Zona Urbana 2025<\/a><\/p>\n\n\n\n<p><a href=\"https:\/\/emsirvaenliquidacion.com.co\/web\/wp-content\/uploads\/2025\/02\/Costos-SEM_I-2025-RURAL.pdf\" target=\"_blank\" rel=\"noreferrer noopener\">Costo de Referencia | Semestre Zona Rural 2025<\/a><\/p>\n\n\n<p>A\u00d1O 2024<\/p>\n\n\n\n<p><a href=\"https:\/\/emsirvaenliquidacion.com.co\/web\/wp-content\/uploads\/2024\/12\/Tarifas-servicio-publico-de-aseo-diciembre-2024-Urbanas.pdf\" target=\"_blank\" rel=\"noreferrer noopener\">Tarifas Servicio P\u00fablico de Aseo Zona Urbana Diciembre 2024<\/a><\/p>\n\n\n\n<p><a href=\"https:\/\/emsirvaenliquidacion.com.co\/web\/wp-content\/uploads\/2024\/12\/Tarifas-servicio-publico-de-aseo-diciembre-2024-Rurales.pdf\" target=\"_blank\" rel=\"noreferrer noopener\">Tarifas Servicio P\u00fablico de Aseo Zona Rural Diciembre 2024<\/a><\/p>\n\n\n\n<p><a href=\"https:\/\/emsirvaenliquidacion.com.co\/web\/wp-content\/uploads\/2024\/11\/Tarifas-servicio-publico-de-aseo-noviembre-2024-Urbanas.pdf\" target=\"_blank\" rel=\"noreferrer noopener\">Tarifas Servicio P\u00fablico de Aseo Zona Urbana Noviembre 2024<\/a><\/p>\n\n\n\n<p><a href=\"https:\/\/emsirvaenliquidacion.com.co\/web\/wp-content\/uploads\/2024\/11\/Tarifas-servicio-publico-de-aseo-noviembre-2024-Rurales.pdf\" target=\"_blank\" rel=\"noreferrer noopener\">Tarifas Servicio P\u00fablico de Aseo Zona Rural Noviembre 2024<\/a><\/p>\n\n\n\n<p><a href=\"https:\/\/emsirvaenliquidacion.com.co\/web\/wp-content\/uploads\/2024\/10\/Tarifas-servicio-publico-de-aseo-Octubre-2024-Urbanas.pdf\" target=\"_blank\" rel=\"noreferrer noopener\">Tarifas Servicio P\u00fablico de Aseo Zona Urbana Octubre 2024<\/a><\/p>\n\n\n\n<p><a href=\"https:\/\/emsirvaenliquidacion.com.co\/web\/wp-content\/uploads\/2024\/10\/Tarifas-servicio-publico-de-aseo-Octubra-2024-Rurales.pdf\" target=\"_blank\" rel=\"noreferrer noopener\">Tarifas Servicio P\u00fablico de Aseo Zona Rural Octubre 2024<\/a><\/p>\n\n\n\n<p><a href=\"https:\/\/emsirvaenliquidacion.com.co\/web\/wp-content\/uploads\/2024\/09\/Tarifas-servicio-publico-de-aseo-Septiembre-2024-Urbana.pdf\" target=\"_blank\" rel=\"noreferrer noopener\">Tarifas Servicio P\u00fablico de Aseo Zona Urbana Septiembre 2024<\/a><\/p>\n\n\n\n<p><a href=\"https:\/\/emsirvaenliquidacion.com.co\/web\/wp-content\/uploads\/2024\/09\/Tarifas-servicio-publico-de-aseo-Septiembre-2024-Rural.pdf\" target=\"_blank\" rel=\"noreferrer noopener\">Tarifas Servicio P\u00fablico de Aseo Zona Rural Septiembre 2024<\/a><\/p>\n\n\n\n<p><a href=\"https:\/\/emsirvaenliquidacion.com.co\/web\/wp-content\/uploads\/2024\/08\/Tarifas-servicio-publico-de-aseo-Agosto-2024_Urbanas.pdf\" target=\"_blank\" rel=\"noreferrer noopener\">Tarifas Servicio P\u00fablico de Aseo Zona Urbana Agosto 2024<\/a><\/p>\n\n\n\n<p><a href=\"https:\/\/emsirvaenliquidacion.com.co\/web\/wp-content\/uploads\/2024\/08\/Tarifas-servicio-publico-de-aseo-Agosto-2024_Rural.pdf\" target=\"_blank\" rel=\"noreferrer noopener\">Tarifas Servicio P\u00fablico de Aseo Zona Rural Agosto 2024<\/a><\/p>\n\n\n\n<p><a href=\"https:\/\/emsirvaenliquidacion.com.co\/web\/wp-content\/uploads\/2024\/08\/Tarifas-Servicio-Publico-de-Aseo-Julio-2024_Urbana.pdf\" target=\"_blank\" rel=\"noreferrer noopener\">Tarifas Servicio P\u00fablico de Aseo Zona Urbana Julio 2024<\/a><\/p>\n\n\n\n<p><a href=\"https:\/\/emsirvaenliquidacion.com.co\/web\/wp-content\/uploads\/2024\/08\/Tarifas-Servicio-Publico-de-Aseo-Julio-2024_Rural.pdf\" target=\"_blank\" rel=\"noreferrer noopener\">Tarifas Servicio P\u00fablico de Aseo Zona Rural Julio 2024<\/a><\/p>\n\n\n\n<p><a href=\"https:\/\/emsirvaenliquidacion.com.co\/web\/wp-content\/uploads\/2024\/06\/Tarifas-servicio-publico-de-aseo-Junio-2024-Urbanas.pdf\" target=\"_blank\" rel=\"noreferrer noopener\">Tarifas Servicio P\u00fablico de Aseo Zona Urbana Junio 2024<\/a><\/p>\n\n\n\n<p><a href=\"https:\/\/emsirvaenliquidacion.com.co\/web\/wp-content\/uploads\/2024\/06\/Tarifas-servicio-publico-de-aseo-Junio-2024-Rural.pdf\" target=\"_blank\" rel=\"noreferrer noopener\">Tarifas Servicio P\u00fablico de Aseo Zona Rural Junio 2024<\/a><\/p>\n\n\n\n<p><a href=\"https:\/\/emsirvaenliquidacion.com.co\/web\/wp-content\/uploads\/2024\/05\/Tarifas-Servicio-Publico-de-Aseo-Mayo-2024_Urbana.pdf\" target=\"_blank\" rel=\"noreferrer noopener\">Tarifas Servicio P\u00fablico de Aseo Zona Urbana Mayo 2024<\/a><\/p>\n\n\n\n<p><a href=\"https:\/\/emsirvaenliquidacion.com.co\/web\/wp-content\/uploads\/2024\/05\/Tarifas-Servicio-Publico-de-Aseo-Mayo-2024_Rural.pdf\" target=\"_blank\" rel=\"noreferrer noopener\">Tarifas Servicio P\u00fablico de Aseo Zona Rural Mayo 2024<\/a><\/p>\n\n\n\n<p><a href=\"https:\/\/emsirvaenliquidacion.com.co\/web\/wp-content\/uploads\/2024\/04\/Tarifas-servicio-publico-de-aseo-abril-2024_Urbana.pdf\" target=\"_blank\" rel=\"noreferrer noopener\">Tarifas Servicio P\u00fablico de Aseo Zona Urbana Abril 2024<\/a><\/p>\n\n\n\n<p><a href=\"https:\/\/emsirvaenliquidacion.com.co\/web\/wp-content\/uploads\/2024\/04\/Tarifas-servicio-publico-de-aseo-abril-2024_Rural.pdf\" target=\"_blank\" rel=\"noreferrer noopener\">Tarifas Servicio P\u00fablico de Aseo Zona Rural Abril 2024<\/a><\/p>\n\n\n\n<p><a href=\"https:\/\/emsirvaenliquidacion.com.co\/web\/wp-content\/uploads\/2024\/03\/Tarifas-servicio-publico-de-aseo-marzo-2024_urbana.pdf\" target=\"_blank\" rel=\"noreferrer noopener\">Tarifas Servicio P\u00fablico de Aseo Zona Urbana Marzo 2024<\/a><\/p>\n\n\n\n<p><a href=\"https:\/\/emsirvaenliquidacion.com.co\/web\/wp-content\/uploads\/2024\/03\/Tarifas-servicio-publico-de-aseo-marzo-2024_rural.pdf\" target=\"_blank\" rel=\"noreferrer noopener\">Tarifas Servicio P\u00fablico de Aseo Zona Rural Marzo 2024<\/a><\/p>\n\n\n\n<p><a href=\"https:\/\/emsirvaenliquidacion.com.co\/web\/wp-content\/uploads\/2024\/02\/Tarifas-servicio-publico-de-aseo-febrero-2024_Urbanas.pdf\" target=\"_blank\" rel=\"noreferrer noopener\">Tarifas Servicio P\u00fablico de Aseo Zona Urbana Febrero 2024<\/a><\/p>\n\n\n\n<p><a href=\"https:\/\/emsirvaenliquidacion.com.co\/web\/wp-content\/uploads\/2024\/02\/Tarifas-servicio-publico-de-aseo-febrero-2024_Rural.pdf\" target=\"_blank\" rel=\"noreferrer noopener\">Tarifas Servicio P\u00fablico de Aseo Zona Rural Febrero 2024<\/a><\/p>\n\n\n\n<p><a href=\"https:\/\/emsirvaenliquidacion.com.co\/web\/wp-content\/uploads\/2024\/01\/Tarifas-servicio-publico-de-aseo-enero-2024-urbanas.pdf\" target=\"_blank\" rel=\"noreferrer noopener\">Tarifas Servicio P\u00fablico de Aseo Zona Urbana Enero 2024<\/a><\/p>\n\n\n\n<p><a href=\"https:\/\/emsirvaenliquidacion.com.co\/web\/wp-content\/uploads\/2024\/01\/Tarifas-servicio-publico-de-aseo-enero-2024-rural.pdf\" target=\"_blank\" rel=\"noreferrer noopener\">Tarifas Servicio P\u00fablico de Aseo Zona Rural Enero 2024<\/a><\/p>\n\n\n\n<p><a href=\"https:\/\/emsirvaenliquidacion.com.co\/web\/wp-content\/uploads\/2024\/02\/Publicacion-Costos-de-referencia-y-Tarifas-enero-2024_urbana.pdf\" target=\"_blank\" rel=\"noreferrer noopener\">Costos de Referencia I Semestre Zona Urbana  2024<\/a><\/p>\n\n\n\n<p><a href=\"https:\/\/emsirvaenliquidacion.com.co\/web\/wp-content\/uploads\/2024\/02\/Publicacion-Costos-de-referencia-y-Tarifas-enero-2024_rural.pdf\" target=\"_blank\" rel=\"noreferrer noopener\">Costos de Referencia I Semestre Zona Rural 2024<\/a><\/p>\n\n","protected":false},"excerpt":{"rendered":"<p>A\u00d1O 2026 Tarifas Servicio P\u00fablico de Aseo Zona Urbana Febrero 2026 Tarifas Servicio P\u00fablico de Aseo Zona Rural Febrero 2026 Tarifas Servicio P\u00fablico de Aseo Zona Urbana Enero 2026 Tarifas Servicio P\u00fablico de Aseo Zona Rural Enero 2026 A\u00d1O 2025 Tarifas Servicio P\u00fablico de Aseo Zona Rural Diciembre 2025 Tarifas Servicio P\u00fablico de Aseo Zona<a class=\"moretag\" href=\"https:\/\/emsirvaenliquidacion.com.co\/web\/costos-de-referencia\/\"><span class=\"screen-reader-text\">Leer m\u00e1s sobre Tarifas y Costos de Referencia<\/span>[&#8230;]<\/a><\/p>\n","protected":false},"author":1,"featured_media":0,"parent":0,"menu_order":4,"comment_status":"closed","ping_status":"closed","template":"","meta":{"footnotes":""},"class_list":["post-167","page","type-page","status-publish","hentry"],"_links":{"self":[{"href":"https:\/\/emsirvaenliquidacion.com.co\/web\/wp-json\/wp\/v2\/pages\/167","targetHints":{"allow":["GET"]}}],"collection":[{"href":"https:\/\/emsirvaenliquidacion.com.co\/web\/wp-json\/wp\/v2\/pages"}],"about":[{"href":"https:\/\/emsirvaenliquidacion.com.co\/web\/wp-json\/wp\/v2\/types\/page"}],"author":[{"embeddable":true,"href":"https:\/\/emsirvaenliquidacion.com.co\/web\/wp-json\/wp\/v2\/users\/1"}],"replies":[{"embeddable":true,"href":"https:\/\/emsirvaenliquidacion.com.co\/web\/wp-json\/wp\/v2\/comments?post=167"}],"version-history":[{"count":420,"href":"https:\/\/emsirvaenliquidacion.com.co\/web\/wp-json\/wp\/v2\/pages\/167\/revisions"}],"predecessor-version":[{"id":4452,"href":"https:\/\/emsirvaenliquidacion.com.co\/web\/wp-json\/wp\/v2\/pages\/167\/revisions\/4452"}],"wp:attachment":[{"href":"https:\/\/emsirvaenliquidacion.com.co\/web\/wp-json\/wp\/v2\/media?parent=167"}],"curies":[{"name":"wp","href":"https:\/\/api.w.org\/{rel}","templated":true}]}}