{"id":173,"date":"2017-01-26T14:57:07","date_gmt":"2017-01-26T14:57:07","guid":{"rendered":"http:\/\/emsirvaenliquidacion.com.co\/web\/?page_id=173"},"modified":"2024-12-27T09:51:23","modified_gmt":"2024-12-27T14:51:23","slug":"normatividad","status":"publish","type":"page","link":"https:\/\/emsirvaenliquidacion.com.co\/web\/normatividad\/","title":{"rendered":"Normatividad"},"content":{"rendered":"\n<p class=\"has-text-align-center\"><strong> NORMAS QUE REGULAN LA LIQUIDACI\u00d3N<\/strong><\/p>\n\n\n\n<p><p style=\"text-align: justify;\">\n&#8211; Resoluci\u00f3n No. SSPD-20241000043305 del 31\/01\/2024 \u201cPor la cual se prorroga el plazo para la liquidaci\u00f3n de la Empresa de Servicio P\u00fablico de Aseo de Cali EICE ESP en Liquidaci\u00f3n (EMSIRVA ESP en Liquidaci\u00f3n) hasta el d\u00eda (5) de agosto del 2025\u201d<BR> <BR>\n&#8211; Resoluci\u00f3n No. 100-27-006 del 27-01-2020 \u201cPor la cual se modifica la Resoluci\u00f3n No. 117 del 22-11-2016 \u201cpor la cual se adopta el manual de contrataci\u00f3n del proceso de liquidaci\u00f3n de la Empresa de Servicio P\u00fablico de Aseo de Cali &#8211; EMSIRVA ESP en Liquidaci\u00f3n.\u201d<BR> <BR>\n&#8211; Resoluci\u00f3n No. 100.0.27-117 del 22 de diciembre del 2016. \u201cPor la cual se adopta el manual de contrataci\u00f3n del proceso de la Empresa de Servicio P\u00fablico de Aseo de Cali &#8211; EMSIRVA ESP en Liquidaci\u00f3n.\u201d <BR> <BR>\n&#8211; Resoluci\u00f3n No. SSPD 20151300015585 del 12-06-2015 \u201cPor el cual se prorroga el plazo de la liquidaci\u00f3n de la Empresa de Servicio P\u00fablico de Aseo de Cali &#8211; EMSIRVA ESP en Liquidaci\u00f3n.\u201d <BR> <BR>\n&#8211; Resoluci\u00f3n No. 0033 de 2013 \u201cPor la cual se adopta la jurisdicci\u00f3n coactiva en EMSIRVA ESP en Liquidaci\u00f3n.\u201d <BR> <BR>\n&#8211; Resoluci\u00f3n No. 0035 2013 \u201cPor la cual se establece el reglamento de recaudo de cartera de la Empresa de Servicio P\u00fablico de Aseo de Cali &#8211; EMSIRVA ESP en Liquidaci\u00f3n.\u201d <BR> <BR>\n&#8211; Resoluci\u00f3n No. SSPD 20091300007455 del 25-03-2009 \u201cPor la cual se decreta la liquidaci\u00f3n de la Empresa de Servicio P\u00fablico de Aseo de Cali &#8211; EMSIRVA ESP\u201d <BR> <BR>\n&#8211; Ley 1066 de Julio 29 de 2006 \u201cPor la cual se dictan normas para la normalizaci\u00f3n de la cartera p\u00fablica y se dictan otras disposiciones.\u201d <BR> <BR>\n&#8211; Decreto No. 2555 de 15 de Julio de 2010 \u201cPor el cual se recogen y reexpiden las normas en materia del sector financiero, asegurador y del mercado de valores y se dictan otras disposiciones.\u201d <BR> <BR>\n&#8211; Ley 142 del 11 de Julio de 1994 \u201cPor la cual se establece el R\u00e9gimen de los Servicios P\u00fablicos Domiciliarios y se dictan otras disposiciones.\u201d <BR> <BR>\n<\/p><\/p>\n\n\n<p><\/p>\n\n\n<p class=\"has-text-align-center\"><strong>NORMAS QUE REGULAN EL SERVICIO PUBLICO DE ASEO<\/strong><\/p>\n\n\n\n<p><p style=\"text-align: justify;\">\n&#8211; Decreto 838 de 2005 \u201cPor el cual se modifica el Decreto 1713 de 2002 sobre disposici\u00f3n final de residuos s\u00f3lidos y se dictan otras disposiciones.\u201d <BR> <BR>\n&#8211; Resoluci\u00f3n CRA 720 de 2015 \u201cPor la cual se establece el r\u00e9gimen de regulaci\u00f3n tarifaria al que deben someterse las personas prestadoras del servicio p\u00fablico de aseo que atiendan en municipios de m\u00e1s de 5.000 suscriptores en \u00e1reas urbanas, la metodolog\u00eda que deben utilizar para el c\u00e1lculo de las tarifas del servicio p\u00fablico de aseo y se dictan otras disposiciones.\u201d<BR> <BR>\n&#8211; Resoluci\u00f3n CRA 853 de 2018 \u201cPor la cual se establece el r\u00e9gimen tarifario y metodolog\u00eda tarifar\u00eda aplicable a las personas prestadoras del servicio p\u00fablico de aseo que atiendan en municipios de hasta 5.000 suscriptores y se dictan otras disposiciones.\u201d<BR> <BR>\n&#8211; Decreto 596 de 2016 \u201cPor el cual se modifica y adiciona el Decreto 1077 de 2015 en lo relativo con el esquema de la actividad de aprovechamiento del servicio p\u00fablico de aseo y el r\u00e9gimen transitorio para la formalizaci\u00f3n de los recicladores de oficio y se dictan otras disposiciones.\u201d<\/p><\/p>\n","protected":false},"excerpt":{"rendered":"<p>NORMAS QUE REGULAN LA LIQUIDACI\u00d3N &#8211; Resoluci\u00f3n No. SSPD-20241000043305 del 31\/01\/2024 \u201cPor la cual se prorroga el plazo para la liquidaci\u00f3n de la Empresa de Servicio P\u00fablico de Aseo de Cali EICE ESP en Liquidaci\u00f3n (EMSIRVA ESP en Liquidaci\u00f3n) hasta el d\u00eda (5) de agosto del 2025\u201d &#8211; Resoluci\u00f3n No. 100-27-006 del 27-01-2020 \u201cPor la<a class=\"moretag\" href=\"https:\/\/emsirvaenliquidacion.com.co\/web\/normatividad\/\"><span class=\"screen-reader-text\">Leer m\u00e1s sobre Normatividad<\/span>[&#8230;]<\/a><\/p>\n","protected":false},"author":1,"featured_media":0,"parent":0,"menu_order":7,"comment_status":"closed","ping_status":"closed","template":"","meta":{"footnotes":""},"class_list":["post-173","page","type-page","status-publish","hentry"],"_links":{"self":[{"href":"https:\/\/emsirvaenliquidacion.com.co\/web\/wp-json\/wp\/v2\/pages\/173","targetHints":{"allow":["GET"]}}],"collection":[{"href":"https:\/\/emsirvaenliquidacion.com.co\/web\/wp-json\/wp\/v2\/pages"}],"about":[{"href":"https:\/\/emsirvaenliquidacion.com.co\/web\/wp-json\/wp\/v2\/types\/page"}],"author":[{"embeddable":true,"href":"https:\/\/emsirvaenliquidacion.com.co\/web\/wp-json\/wp\/v2\/users\/1"}],"replies":[{"embeddable":true,"href":"https:\/\/emsirvaenliquidacion.com.co\/web\/wp-json\/wp\/v2\/comments?post=173"}],"version-history":[{"count":36,"href":"https:\/\/emsirvaenliquidacion.com.co\/web\/wp-json\/wp\/v2\/pages\/173\/revisions"}],"predecessor-version":[{"id":3981,"href":"https:\/\/emsirvaenliquidacion.com.co\/web\/wp-json\/wp\/v2\/pages\/173\/revisions\/3981"}],"wp:attachment":[{"href":"https:\/\/emsirvaenliquidacion.com.co\/web\/wp-json\/wp\/v2\/media?parent=173"}],"curies":[{"name":"wp","href":"https:\/\/api.w.org\/{rel}","templated":true}]}}