{"id":434,"date":"2017-02-16T14:20:56","date_gmt":"2017-02-16T14:20:56","guid":{"rendered":"http:\/\/emsirvaenliquidacion.com.co\/web\/?page_id=434"},"modified":"2025-10-11T08:02:27","modified_gmt":"2025-10-11T13:02:27","slug":"nosotros","status":"publish","type":"page","link":"https:\/\/emsirvaenliquidacion.com.co\/web\/nosotros\/","title":{"rendered":"Nosotros"},"content":{"rendered":"<h3>Empresa de Servicio P\u00fablico de Aseo de Cali en Liquidaci\u00f3n &#8211; EMSIRVA ESP en Liquidaci\u00f3n<\/h3>\n<p>NIT: 890.399.030-3<\/p>\n<p style=\"text-align: justify;\">EMSIRVA ESP en Liquidaci\u00f3n es la entidad responsable de garantizar la continuidad y calidad del servicio p\u00fablico de aseo en el Distrito de Cali, cubriendo el 95% de los usuarios de la ciudad. Su labor principal consiste en supervisar y coordinar a los cuatro operadores subcontratados: PromoCali, PromoValle, Veolia y Ciudad Limpia, asegurando que cumplan con los est\u00e1ndares de servicio establecidos y contribuyan a la preservaci\u00f3n de un entorno limpio y saludable para la comunidad.<\/p>\n<p style=\"text-align: justify;\">Toda persona tiene derecho a presentar peticiones respetuosas a las autoridades, en los t\u00e9rminos que est\u00e1n previstos en la Ley 1755 de 2015 que regula el Derecho Fundamental de Petici\u00f3n. Si necesita presentar peticiones, quejas, reclamos, sugerencias, denuncias y\/o felicitaciones sobre la prestaci\u00f3n del servicio p\u00fablico de Aseo de nuestros Operadores-Contratistas PromoCali, PromoValle, Veolia y Ciudad Limpia. <a rel=\"noreferrer noopener\" href=\"https:\/\/emsirvaenliquidacion.com.co\/web\/operadores-de-aseo\/\" target=\"_blank\">Ingrese Aqu\u00ed<\/a><\/p>\n<hr>\n<p>Direcci\u00f3n: Calle 6 No 44 &#8211; 110 Central Telef\u00f3nica Tequendama de EMCALI.<br \/>\nemail: comunicaciones@emsirvaenliquidacion.com.co<br \/>\nTel\u00e9fonos: (602) 316 6633 &#8211; (+57) 323 2881784<br \/>\nSantiago de Cali, Valle del Cauca<\/p>\n<hr>\n<p>Horario de atenci\u00f3n:<br \/>\nLunes a Jueves: 7:30 am a 12:30 m &#8211; 1:30 pm a 5:00 pm<br \/>\nViernes: 7:30 am a 12:30 m &#8211; 1:30 pm a 4:30 pm<\/p>\n<hr>\n<h3>Directorio Actualizado<\/h3>\n<p><strong>AGENTE LIQUIDADORA<\/strong><br \/>\nAdriana Betancourt Ortiz<\/p>\n<p><strong>COORDINACI\u00d3N ADMINISTRATIVA<\/strong><br \/>\nNatalia Rold\u00e1n Barona<\/p>\n<p><strong>COORDINACI\u00d3N JUR\u00cdDICA<\/strong><br \/>\nHarold Garc\u00eda Silva<\/p>\n<p><strong>COORDINACI\u00d3N SERVICIOS P\u00daBLICOS DE ASEO<\/strong><br \/>\nAlejandro Zuluaga Salazar<\/p>\n<p><strong>COORDINACI\u00d3N T\u00c9CNICO OPERATIVO<\/strong><br \/>\nJaime Artunduaga Valenciano<\/p>\n","protected":false},"excerpt":{"rendered":"<p>Empresa de Servicio P\u00fablico de Aseo de Cali en Liquidaci\u00f3n &#8211; EMSIRVA ESP en Liquidaci\u00f3n NIT: 890.399.030-3 EMSIRVA ESP en Liquidaci\u00f3n es la entidad responsable de garantizar la continuidad y calidad del servicio p\u00fablico de aseo en el Distrito de Cali, cubriendo el 95% de los usuarios de la ciudad. Su labor principal consiste en<a class=\"moretag\" href=\"https:\/\/emsirvaenliquidacion.com.co\/web\/nosotros\/\"><span class=\"screen-reader-text\">Leer m\u00e1s sobre Nosotros<\/span>[&#8230;]<\/a><\/p>\n","protected":false},"author":1,"featured_media":0,"parent":0,"menu_order":0,"comment_status":"closed","ping_status":"closed","template":"","meta":{"footnotes":""},"class_list":["post-434","page","type-page","status-publish","hentry"],"_links":{"self":[{"href":"https:\/\/emsirvaenliquidacion.com.co\/web\/wp-json\/wp\/v2\/pages\/434","targetHints":{"allow":["GET"]}}],"collection":[{"href":"https:\/\/emsirvaenliquidacion.com.co\/web\/wp-json\/wp\/v2\/pages"}],"about":[{"href":"https:\/\/emsirvaenliquidacion.com.co\/web\/wp-json\/wp\/v2\/types\/page"}],"author":[{"embeddable":true,"href":"https:\/\/emsirvaenliquidacion.com.co\/web\/wp-json\/wp\/v2\/users\/1"}],"replies":[{"embeddable":true,"href":"https:\/\/emsirvaenliquidacion.com.co\/web\/wp-json\/wp\/v2\/comments?post=434"}],"version-history":[{"count":48,"href":"https:\/\/emsirvaenliquidacion.com.co\/web\/wp-json\/wp\/v2\/pages\/434\/revisions"}],"predecessor-version":[{"id":4387,"href":"https:\/\/emsirvaenliquidacion.com.co\/web\/wp-json\/wp\/v2\/pages\/434\/revisions\/4387"}],"wp:attachment":[{"href":"https:\/\/emsirvaenliquidacion.com.co\/web\/wp-json\/wp\/v2\/media?parent=434"}],"curies":[{"name":"wp","href":"https:\/\/api.w.org\/{rel}","templated":true}]}}